{"id":7,"date":"2023-08-22T07:03:01","date_gmt":"2023-08-22T05:03:01","guid":{"rendered":"https:\/\/k1.koberit.com\/?page_id=7"},"modified":"2023-08-22T08:54:45","modified_gmt":"2023-08-22T06:54:45","slug":"home","status":"publish","type":"page","link":"https:\/\/k1.koberit.com\/","title":{"rendered":"Home"},"content":{"rendered":"<p>[et_pb_section fb_built=&#8220;1&#8243; _builder_version=&#8220;4.22.1&#8243; _module_preset=&#8220;default&#8220; custom_margin=&#8220;0px|0px|0px|0px|false|false&#8220; custom_padding=&#8220;0px|0px|0px|0px|false|false&#8220; global_colors_info=&#8220;{}&#8220;][et_pb_row _builder_version=&#8220;4.22.1&#8243; _module_preset=&#8220;default&#8220; custom_margin=&#8220;0px||0px||false|false&#8220; custom_padding=&#8220;0px||0px||false|false&#8220; global_colors_info=&#8220;{}&#8220;][et_pb_column type=&#8220;4_4&#8243; _builder_version=&#8220;4.22.1&#8243; _module_preset=&#8220;default&#8220; global_colors_info=&#8220;{}&#8220;][et_pb_nextend_smart_slider_3 slider=&#8220;1&#8243; _builder_version=&#8220;4.22.1&#8243; _module_preset=&#8220;default&#8220; global_colors_info=&#8220;{}&#8220;][\/et_pb_nextend_smart_slider_3][\/et_pb_column][\/et_pb_row][\/et_pb_section][et_pb_section fb_built=&#8220;1&#8243; module_class=&#8220;spacer-h&#8220; _builder_version=&#8220;4.22.1&#8243; _module_preset=&#8220;default&#8220; background_color=&#8220;#312782&#8243; custom_margin=&#8220;||||false|false&#8220; custom_padding=&#8220;2rem||2rem||false|false&#8220; global_colors_info=&#8220;{}&#8220;][et_pb_row _builder_version=&#8220;4.22.1&#8243; _module_preset=&#8220;default&#8220; custom_margin=&#8220;0px||0px||false|false&#8220; custom_padding=&#8220;0px||0px||false|false&#8220; global_colors_info=&#8220;{}&#8220;][et_pb_column type=&#8220;4_4&#8243; _builder_version=&#8220;4.22.1&#8243; _module_preset=&#8220;default&#8220; global_colors_info=&#8220;{}&#8220;][et_pb_text _builder_version=&#8220;4.22.1&#8243; _module_preset=&#8220;default&#8220; header_2_text_color=&#8220;#FFFFFF&#8220; header_2_font_size=&#8220;1.25rem&#8220; text_orientation=&#8220;center&#8220; custom_margin=&#8220;0px||0px||false|false&#8220; custom_padding=&#8220;0px||0px||false|false&#8220; global_colors_info=&#8220;{}&#8220;]<\/p>\n<h2 style=\"text-align: center;\">Ihr Partner f\u00fcr gesch\u00e4ftliche Belange<\/h2>\n<p>[\/et_pb_text][\/et_pb_column][\/et_pb_row][\/et_pb_section][et_pb_section fb_built=&#8220;1&#8243; _builder_version=&#8220;4.22.1&#8243; _module_preset=&#8220;default&#8220; hover_enabled=&#8220;0&#8243; global_colors_info=&#8220;{}&#8220; custom_padding=&#8220;||15px||false|false&#8220; sticky_enabled=&#8220;0&#8243;][et_pb_row _builder_version=&#8220;4.22.1&#8243; _module_preset=&#8220;default&#8220; global_colors_info=&#8220;{}&#8220;][et_pb_column type=&#8220;4_4&#8243; _builder_version=&#8220;4.22.1&#8243; _module_preset=&#8220;default&#8220; global_colors_info=&#8220;{}&#8220;][et_pb_text _builder_version=&#8220;4.22.1&#8243; _module_preset=&#8220;default&#8220; hover_enabled=&#8220;0&#8243; global_colors_info=&#8220;{}&#8220; header_font_size=&#8220;2rem&#8220; header_2_font_size=&#8220;2rem&#8220; sticky_enabled=&#8220;0&#8243;]<\/p>\n<h2 style=\"text-align: center;\"><span style=\"color: #312782;\">Herzlich Willkommen<\/span><\/h2>\n<hr class=\"content-hr\" \/>\n<p>Wir begr\u00fc\u00dfen Sie recht herzlich auf der Homepage von skconsult \u2013 Frau Sabine Kaltenbrunner. Als selbstst\u00e4ndige Bilanzbuchhalterin und Unternehmensberaterin ist Frau Kaltenbrunner mit Ihrer Kanzlei der richtige Ansprechpartner rund um betriebswirtschaftliche und steuerliche Fragestellungen. Vereinbaren Sie ein kostenloses Erstgespr\u00e4ch und \u00fcberzeugen Sie sich von unseren Leistungen.<\/p>\n<p>[\/et_pb_text][\/et_pb_column][\/et_pb_row][\/et_pb_section][et_pb_section fb_built=&#8220;1&#8243; theme_builder_area=&#8220;post_content&#8220; _builder_version=&#8220;4.22.1&#8243; _module_preset=&#8220;default&#8220; custom_padding=&#8220;0px||||false|false&#8220; hover_enabled=&#8220;0&#8243; sticky_enabled=&#8220;0&#8243;][et_pb_row _builder_version=&#8220;4.22.1&#8243; _module_preset=&#8220;default&#8220; theme_builder_area=&#8220;post_content&#8220;][et_pb_column _builder_version=&#8220;4.22.1&#8243; _module_preset=&#8220;default&#8220; type=&#8220;4_4&#8243; theme_builder_area=&#8220;post_content&#8220; hover_enabled=&#8220;0&#8243; sticky_enabled=&#8220;0&#8243;][et_pb_text _builder_version=&#8220;4.22.1&#8243; _module_preset=&#8220;default&#8220; theme_builder_area=&#8220;post_content&#8220; hover_enabled=&#8220;0&#8243; sticky_enabled=&#8220;0&#8243; header_2_font_size=&#8220;2rem&#8220;]<\/p>\n<h2 style=\"text-align: center;\"><span style=\"color: #312782;\">Unsere Angebote f\u00fcr Sie<\/span><\/h2>\n<hr class=\"content-hr\" \/>[\/et_pb_text][\/et_pb_column][\/et_pb_row][et_pb_row _builder_version=&#8220;4.22.1&#8243; _module_preset=&#8220;default&#8220; column_structure=&#8220;1_5,1_5,1_5,1_5,1_5&#8243; theme_builder_area=&#8220;post_content&#8220; use_custom_gutter=&#8220;on&#8220; make_equal=&#8220;on&#8220; width=&#8220;100%&#8220; module_alignment=&#8220;center&#8220; hover_enabled=&#8220;0&#8243; sticky_enabled=&#8220;0&#8243; max_width=&#8220;100%&#8220; custom_margin=&#8220;||||false|false&#8220; custom_padding=&#8220;|30px||30px|false|true&#8220;][et_pb_column _builder_version=&#8220;4.22.1&#8243; _module_preset=&#8220;default&#8220; type=&#8220;1_5&#8243; theme_builder_area=&#8220;post_content&#8220;][et_pb_image src=&#8220;https:\/\/k1.koberit.com\/wp-content\/uploads\/2023\/08\/008-bank.png&#8220; _builder_version=&#8220;4.22.1&#8243; _module_preset=&#8220;default&#8220; theme_builder_area=&#8220;post_content&#8220; title_text=&#8220;008-bank&#8220; align=&#8220;center&#8220; max_width=&#8220;125px&#8220; width=&#8220;100%&#8220; max_height=&#8220;125px&#8220; hover_enabled=&#8220;0&#8243; sticky_enabled=&#8220;0&#8243; custom_margin=&#8220;||15px||false|false&#8220;][\/et_pb_image][et_pb_text _builder_version=&#8220;4.22.1&#8243; _module_preset=&#8220;default&#8220; theme_builder_area=&#8220;post_content&#8220; hover_enabled=&#8220;0&#8243; sticky_enabled=&#8220;0&#8243; custom_padding=&#8220;||||false|false&#8220; custom_margin=&#8220;||15px||false|false&#8220;]<\/p>\n<h3 style=\"text-align: center;\"><span style=\"color: #312782;\">Buchhaltung<\/span><\/h3>\n<p>[\/et_pb_text][et_pb_text _builder_version=&#8220;4.22.1&#8243; _module_preset=&#8220;default&#8220; theme_builder_area=&#8220;post_content&#8220; hover_enabled=&#8220;0&#8243; sticky_enabled=&#8220;0&#8243;]<\/p>\n<p><span>Die Buchhaltung ist das Herz des Rechnungswesens eines Unternehmens. Als Ihr Partner betreuen, steuern und kontrollieren wir mit Ihnen Ihren wirtschaftlichen Erfolg. Dabei verschafft Ihnen eine zeitnahe, richtige und vollst\u00e4ndige Buchhaltung den notwendigen \u00dcberblick.<\/span><\/p>\n<p>[\/et_pb_text][\/et_pb_column][et_pb_column _builder_version=&#8220;4.22.1&#8243; _module_preset=&#8220;default&#8220; type=&#8220;1_5&#8243; theme_builder_area=&#8220;post_content&#8220;][et_pb_image src=&#8220;https:\/\/k1.koberit.com\/wp-content\/uploads\/2023\/08\/008-bank.png&#8220; _builder_version=&#8220;4.22.1&#8243; _module_preset=&#8220;default&#8220; theme_builder_area=&#8220;post_content&#8220; title_text=&#8220;008-bank&#8220; align=&#8220;center&#8220; max_width=&#8220;125px&#8220; width=&#8220;100%&#8220; max_height=&#8220;125px&#8220; hover_enabled=&#8220;0&#8243; sticky_enabled=&#8220;0&#8243; custom_margin=&#8220;||15px||false|false&#8220;][\/et_pb_image][et_pb_text _builder_version=&#8220;4.22.1&#8243; _module_preset=&#8220;default&#8220; theme_builder_area=&#8220;post_content&#8220; hover_enabled=&#8220;0&#8243; sticky_enabled=&#8220;0&#8243; custom_padding=&#8220;||||false|false&#8220; custom_margin=&#8220;||15px||false|false&#8220;]<\/p>\n<h3 style=\"text-align: center;\"><span style=\"color: #312782;\">Buchhaltung<\/span><\/h3>\n<p>[\/et_pb_text][et_pb_text _builder_version=&#8220;4.22.1&#8243; _module_preset=&#8220;default&#8220; theme_builder_area=&#8220;post_content&#8220; hover_enabled=&#8220;0&#8243; sticky_enabled=&#8220;0&#8243;]<\/p>\n<p><span>Die Buchhaltung ist das Herz des Rechnungswesens eines Unternehmens. Als Ihr Partner betreuen, steuern und kontrollieren wir mit Ihnen Ihren wirtschaftlichen Erfolg. Dabei verschafft Ihnen eine zeitnahe, richtige und vollst\u00e4ndige Buchhaltung den notwendigen \u00dcberblick.<\/span><\/p>\n<p>[\/et_pb_text][\/et_pb_column][et_pb_column _builder_version=&#8220;4.22.1&#8243; _module_preset=&#8220;default&#8220; type=&#8220;1_5&#8243; theme_builder_area=&#8220;post_content&#8220;][et_pb_image src=&#8220;https:\/\/k1.koberit.com\/wp-content\/uploads\/2023\/08\/008-bank.png&#8220; _builder_version=&#8220;4.22.1&#8243; _module_preset=&#8220;default&#8220; theme_builder_area=&#8220;post_content&#8220; title_text=&#8220;008-bank&#8220; align=&#8220;center&#8220; max_width=&#8220;125px&#8220; width=&#8220;100%&#8220; max_height=&#8220;125px&#8220; hover_enabled=&#8220;0&#8243; sticky_enabled=&#8220;0&#8243; custom_margin=&#8220;||15px||false|false&#8220;][\/et_pb_image][et_pb_text _builder_version=&#8220;4.22.1&#8243; _module_preset=&#8220;default&#8220; theme_builder_area=&#8220;post_content&#8220; hover_enabled=&#8220;0&#8243; sticky_enabled=&#8220;0&#8243; custom_padding=&#8220;||||false|false&#8220; custom_margin=&#8220;||15px||false|false&#8220;]<\/p>\n<h3 style=\"text-align: center;\"><span style=\"color: #312782;\">Buchhaltung<\/span><\/h3>\n<p>[\/et_pb_text][et_pb_text _builder_version=&#8220;4.22.1&#8243; _module_preset=&#8220;default&#8220; theme_builder_area=&#8220;post_content&#8220; hover_enabled=&#8220;0&#8243; sticky_enabled=&#8220;0&#8243;]<\/p>\n<p><span>Die Buchhaltung ist das Herz des Rechnungswesens eines Unternehmens. Als Ihr Partner betreuen, steuern und kontrollieren wir mit Ihnen Ihren wirtschaftlichen Erfolg. Dabei verschafft Ihnen eine zeitnahe, richtige und vollst\u00e4ndige Buchhaltung den notwendigen \u00dcberblick.<\/span><\/p>\n<p>[\/et_pb_text][\/et_pb_column][et_pb_column _builder_version=&#8220;4.22.1&#8243; _module_preset=&#8220;default&#8220; type=&#8220;1_5&#8243; theme_builder_area=&#8220;post_content&#8220;][et_pb_image src=&#8220;https:\/\/k1.koberit.com\/wp-content\/uploads\/2023\/08\/008-bank.png&#8220; _builder_version=&#8220;4.22.1&#8243; _module_preset=&#8220;default&#8220; theme_builder_area=&#8220;post_content&#8220; title_text=&#8220;008-bank&#8220; align=&#8220;center&#8220; max_width=&#8220;125px&#8220; width=&#8220;100%&#8220; max_height=&#8220;125px&#8220; hover_enabled=&#8220;0&#8243; sticky_enabled=&#8220;0&#8243; custom_margin=&#8220;||15px||false|false&#8220;][\/et_pb_image][et_pb_text _builder_version=&#8220;4.22.1&#8243; _module_preset=&#8220;default&#8220; theme_builder_area=&#8220;post_content&#8220; hover_enabled=&#8220;0&#8243; sticky_enabled=&#8220;0&#8243; custom_padding=&#8220;||||false|false&#8220; custom_margin=&#8220;||15px||false|false&#8220;]<\/p>\n<h3 style=\"text-align: center;\"><span style=\"color: #312782;\">Buchhaltung<\/span><\/h3>\n<p>[\/et_pb_text][et_pb_text _builder_version=&#8220;4.22.1&#8243; _module_preset=&#8220;default&#8220; theme_builder_area=&#8220;post_content&#8220; hover_enabled=&#8220;0&#8243; sticky_enabled=&#8220;0&#8243;]<\/p>\n<p><span>Die Buchhaltung ist das Herz des Rechnungswesens eines Unternehmens. Als Ihr Partner betreuen, steuern und kontrollieren wir mit Ihnen Ihren wirtschaftlichen Erfolg. Dabei verschafft Ihnen eine zeitnahe, richtige und vollst\u00e4ndige Buchhaltung den notwendigen \u00dcberblick.<\/span><\/p>\n<p>[\/et_pb_text][\/et_pb_column][et_pb_column _builder_version=&#8220;4.22.1&#8243; _module_preset=&#8220;default&#8220; type=&#8220;1_5&#8243; theme_builder_area=&#8220;post_content&#8220;][et_pb_image src=&#8220;https:\/\/k1.koberit.com\/wp-content\/uploads\/2023\/08\/008-bank.png&#8220; _builder_version=&#8220;4.22.1&#8243; _module_preset=&#8220;default&#8220; theme_builder_area=&#8220;post_content&#8220; title_text=&#8220;008-bank&#8220; align=&#8220;center&#8220; max_width=&#8220;125px&#8220; width=&#8220;100%&#8220; max_height=&#8220;125px&#8220; hover_enabled=&#8220;0&#8243; sticky_enabled=&#8220;0&#8243; custom_margin=&#8220;||15px||false|false&#8220;][\/et_pb_image][et_pb_text _builder_version=&#8220;4.22.1&#8243; _module_preset=&#8220;default&#8220; theme_builder_area=&#8220;post_content&#8220; hover_enabled=&#8220;0&#8243; sticky_enabled=&#8220;0&#8243; custom_padding=&#8220;||||false|false&#8220; custom_margin=&#8220;||15px||false|false&#8220;]<\/p>\n<h3 style=\"text-align: center;\"><span style=\"color: #312782;\">Buchhaltung<\/span><\/h3>\n<p>[\/et_pb_text][et_pb_text _builder_version=&#8220;4.22.1&#8243; _module_preset=&#8220;default&#8220; theme_builder_area=&#8220;post_content&#8220; hover_enabled=&#8220;0&#8243; sticky_enabled=&#8220;0&#8243;]<\/p>\n<p><span>Die Buchhaltung ist das Herz des Rechnungswesens eines Unternehmens. Als Ihr Partner betreuen, steuern und kontrollieren wir mit Ihnen Ihren wirtschaftlichen Erfolg. Dabei verschafft Ihnen eine zeitnahe, richtige und vollst\u00e4ndige Buchhaltung den notwendigen \u00dcberblick.<\/span><\/p>\n<p>[\/et_pb_text][\/et_pb_column][\/et_pb_row][\/et_pb_section]<\/p>\n","protected":false},"excerpt":{"rendered":"<p>Ihr Partner f\u00fcr gesch\u00e4ftliche BelangeHerzlich Willkommen Wir begr\u00fc\u00dfen Sie recht herzlich auf der Homepage von skconsult \u2013 Frau Sabine Kaltenbrunner. Als selbstst\u00e4ndige Bilanzbuchhalterin und Unternehmensberaterin ist Frau Kaltenbrunner mit Ihrer Kanzlei der richtige Ansprechpartner rund um betriebswirtschaftliche und steuerliche Fragestellungen. Vereinbaren Sie ein kostenloses Erstgespr\u00e4ch und \u00fcberzeugen Sie sich von unseren Leistungen.Unsere Angebote f\u00fcr Sie [&hellip;]<\/p>\n","protected":false},"author":1,"featured_media":0,"parent":0,"menu_order":0,"comment_status":"closed","ping_status":"closed","template":"","meta":{"_et_pb_use_builder":"on","_et_pb_old_content":"","_et_gb_content_width":"","footnotes":""},"class_list":["post-7","page","type-page","status-publish","hentry"],"_links":{"self":[{"href":"https:\/\/k1.koberit.com\/index.php\/wp-json\/wp\/v2\/pages\/7","targetHints":{"allow":["GET"]}}],"collection":[{"href":"https:\/\/k1.koberit.com\/index.php\/wp-json\/wp\/v2\/pages"}],"about":[{"href":"https:\/\/k1.koberit.com\/index.php\/wp-json\/wp\/v2\/types\/page"}],"author":[{"embeddable":true,"href":"https:\/\/k1.koberit.com\/index.php\/wp-json\/wp\/v2\/users\/1"}],"replies":[{"embeddable":true,"href":"https:\/\/k1.koberit.com\/index.php\/wp-json\/wp\/v2\/comments?post=7"}],"version-history":[{"count":8,"href":"https:\/\/k1.koberit.com\/index.php\/wp-json\/wp\/v2\/pages\/7\/revisions"}],"predecessor-version":[{"id":32,"href":"https:\/\/k1.koberit.com\/index.php\/wp-json\/wp\/v2\/pages\/7\/revisions\/32"}],"wp:attachment":[{"href":"https:\/\/k1.koberit.com\/index.php\/wp-json\/wp\/v2\/media?parent=7"}],"curies":[{"name":"wp","href":"https:\/\/api.w.org\/{rel}","templated":true}]}}